{"id":13158,"date":"2025-03-28T12:53:12","date_gmt":"2025-03-28T11:53:12","guid":{"rendered":"https:\/\/coiclinicadental.es\/politica-de-privacidad\/"},"modified":"2025-05-21T16:17:24","modified_gmt":"2025-05-21T14:17:24","slug":"politica-de-privacitat","status":"publish","type":"page","link":"https:\/\/coiclinicadental.es\/ca\/politica-de-privacitat\/","title":{"rendered":"Pol\u00edtica de Privacitat"},"content":{"rendered":"\t\t<div data-elementor-type=\"wp-page\" data-elementor-id=\"13158\" class=\"elementor elementor-13158 elementor-17\" data-elementor-post-type=\"page\">\n\t\t\t\t<div class=\"elementor-element elementor-element-b14c298 espsup espinf e-flex e-con-boxed e-con e-parent\" data-id=\"b14c298\" data-element_type=\"container\" data-e-type=\"container\">\n\t\t\t\t\t<div class=\"e-con-inner\">\n\t\t\t\t<div class=\"elementor-element elementor-element-89a61f5 elementor-widget elementor-widget-heading\" data-id=\"89a61f5\" data-element_type=\"widget\" data-e-type=\"widget\" data-widget_type=\"heading.default\">\n\t\t\t\t<div class=\"elementor-widget-container\">\n\t\t\t\t\t<h1 class=\"elementor-heading-title elementor-size-default\">Pol\u00edtica de Privacidad<\/h1>\t\t\t\t<\/div>\n\t\t\t\t<\/div>\n\t\t\t\t\t<\/div>\n\t\t\t\t<\/div>\n\t\t<div class=\"elementor-element elementor-element-eeba882 espinf e-flex e-con-boxed e-con e-parent\" data-id=\"eeba882\" data-element_type=\"container\" data-e-type=\"container\">\n\t\t\t\t\t<div class=\"e-con-inner\">\n\t\t\t\t<div class=\"elementor-element elementor-element-d9206a4 elementor-widget elementor-widget-text-editor\" data-id=\"d9206a4\" data-element_type=\"widget\" data-e-type=\"widget\" data-widget_type=\"text-editor.default\">\n\t\t\t\t<div class=\"elementor-widget-container\">\n\t\t\t\t\t\t\t\t\t<p>Aquesta Pol\u00edtica de Privacitat ha estat desenvolupada tenint en compte el que disposa la Llei Org\u00e0nica de Protecci\u00f3 de Dades de car\u00e0cter personal en vigor, aix\u00ed com el Reglament (UE) 2016\/679 del Parlament Europeu i del Consell de 27 d&#8217;abril de 2016 relatiu a la protecci\u00f3 de les persones f\u00edsiques pel que fa al tractament de dades personals i a la lliure circulaci\u00f3 d&#8217;aquestes dades, en endavant el RGPD.<\/p><p>Aquesta Pol\u00edtica de Privacitat t\u00e9 per objecte posar en coneixement dels titulars de les dades personals, respecte dels quals s&#8217;est\u00e0 recollint informaci\u00f3, els aspectes espec\u00edfics relatius al tractament de les seves dades, entre altres coses, les finalitats dels tractaments, les dades de contacte per exercir els drets que li assisteixen, els terminis de conservaci\u00f3 de la informaci\u00f3 i les mesures de seguretat, entre altres coses.<\/p><h2>Responsable del Tractament<\/h2><ul><li><strong>Denominaci\u00f3:<\/strong> COSTALDENT SLP<\/li><li><strong>CIF:<\/strong> B60336971<\/li><li><strong>Adre\u00e7a:<\/strong> Carrer de Francesc Maci\u00e0 i Lluss\u00e0, 61, 08402 Granollers, Barcelona.<\/li><li><strong>Tel\u00e8fon:<\/strong> 938794453<\/li><li><strong>Correu electr\u00f2nic:<\/strong> <a href=\"mailto:info@coiclinicadental.es\">info@coiclinicadental.es<\/a><\/li><\/ul><h2>Tractaments de dades<\/h2><p>Les dades de car\u00e0cter personal que es sol\u00b7licitin, si escau, consistiran \u00fanicament en aquelles estrictament imprescindibles per identificar i atendre la sol\u00b7licitud realitzada pel titular de les mateixes, en endavant l&#8217;interessat. Aquesta informaci\u00f3 ser\u00e0 tractada de forma lleial, l\u00edcita i transparent en relaci\u00f3 amb l&#8217;interessat. D&#8217;altra banda, les dades personals seran recollides per a finalitats determinades, expl\u00edcites i leg\u00edtimes, no sent tractades ulteriorment de manera incompatible amb aquestes finalitats.<\/p><p>Les dades recollides de cada interessat seran adequades, pertinents i no excessives en relaci\u00f3 amb les finalitats corresponents per a cada cas, i seran actualitzades sempre que sigui necessari.<\/p><p>El titular de les dades ser\u00e0 informat, amb car\u00e0cter previ a la recollida de les seves dades, dels extrems generals regulats en aquesta pol\u00edtica a fi que pugui prestar el consentiment expr\u00e9s, prec\u00eds i inequ\u00edvoc per al tractament de les seves dades, conforme als seg\u00fcents aspectes.<\/p><h3>Finalitats del tractament<\/h3><p>Les finalitats expl\u00edcites per a les quals es duen a terme cadascun dels tractaments es recullen en les cl\u00e0usules informatives incorporades en cadascuna de les vies de recollida de dades (formularis web, newsletter\u2026).<\/p><p>No obstant aix\u00f2, les dades de car\u00e0cter personal de l&#8217;interessat seran tractades amb l&#8217;exclusiva finalitat de proporcionar-los una resposta efectiva i atendre les sol\u00b7licituds practicades per l&#8217;usuari, especificades al costat de l&#8217;opci\u00f3, servei, formulari o sistema de recollida de dades que el titular utilitzi.<\/p><h3>Legitimaci\u00f3<\/h3><p>Per regla general, pr\u00e8viament al tractament de les dades personals, COSTALDENT SLP obt\u00e9 el consentiment expr\u00e9s i inequ\u00edvoc del titular de les mateixes, mitjan\u00e7ant la incorporaci\u00f3 de cl\u00e0usules de consentiment informat en els diferents sistemes de recollida d&#8217;informaci\u00f3.<\/p><p>No obstant aix\u00f2, en cas que no es requereixi el consentiment de l&#8217;interessat, la base legitimadora del tractament en la qual s&#8217;empara COSTALDENT SLP \u00e9s l&#8217;exist\u00e8ncia d&#8217;una llei o norma espec\u00edfica que autoritzi o exigeixi el tractament de les dades de l&#8217;interessat.<\/p><h3>Destinataris<\/h3><p>Per regla general, COSTALDENT SLP no procedeix a la cessi\u00f3 o comunicaci\u00f3 de les dades a terceres entitats, excepte les requerides legalment, no obstant aix\u00f2, en cas que fos necessari, aquestes cessions o comunicacions de dades s&#8217;informen a l&#8217;interessat a trav\u00e9s de les cl\u00e0usules de consentiment informat contingudes en les diferents vies de recollida de dades personals.<\/p><h3>Proced\u00e8ncia<\/h3><p>Per regla general, les dades personals es recullen sempre directament de l&#8217;interessat, no obstant aix\u00f2, en determinades excepcions, les dades poden ser recollides a trav\u00e9s de terceres persones, entitats o serveis diferents de l&#8217;interessat. En aquest sentit, aquest extrem ser\u00e0 traslladat a l&#8217;interessat a trav\u00e9s de les cl\u00e0usules de consentiment informat contingudes en les diferents vies de recollida d&#8217;informaci\u00f3 i dins d&#8217;un termini raonable, una vegada obtingudes les dades, i com a m\u00e0xim dins d&#8217;un mes.<\/p><h3>Terminis de conservaci\u00f3<\/h3><p>La informaci\u00f3 recollida de l&#8217;interessat ser\u00e0 conservada mentre sigui necess\u00e0ria per complir amb la finalitat per a la qual van ser recollides les dades personals, de manera que, una vegada complerta la finalitat, les dades seran cancel\u00b7lades. Aquesta cancel\u00b7laci\u00f3 donar\u00e0 lloc al bloqueig de les dades conservant-se \u00fanicament a disposici\u00f3 de les AAPP, Jutges i Tribunals, per atendre les possibles responsabilitats nascudes del tractament, durant el termini de prescripci\u00f3 d&#8217;aquestes, complert el citat termini es procedir\u00e0 a la destrucci\u00f3 de la informaci\u00f3.<\/p><h2>Dades de navegaci\u00f3<\/h2><p>En relaci\u00f3 amb les dades de navegaci\u00f3 que es puguin tractar a trav\u00e9s del lloc web, en cas que es recullin dades sotmeses a la normativa, es recomana consultar la Pol\u00edtica de Cookies publicada en el nostre lloc web.<\/p><h2>Drets dels interessats<\/h2><p>La normativa en mat\u00e8ria de protecci\u00f3 de dades atorga una s\u00e8rie de drets als interessats o titulars de les dades, usuaris del lloc web o usuaris dels perfils de les xarxes socials de COSTALDENT SLP.<\/p><p>Aquests drets que assisteixen les persones interessades s\u00f3n els seg\u00fcents:<\/p><ul><li><strong>Dret d&#8217;acc\u00e9s:<\/strong> dret a obtenir informaci\u00f3 sobre si les seves pr\u00f2pies dades estan sent objecte de tractament, la finalitat del tractament que s&#8217;estigui realitzant, les categories de dades que es tractin, els destinataris o categories de destinataris, el termini de conservaci\u00f3 i l&#8217;origen d&#8217;aquestes dades.<\/li><li><strong>Dret de rectificaci\u00f3:<\/strong> dret a obtenir la rectificaci\u00f3 de les dades personals inexactes o incompletes.<\/li><li><strong>Dret de supressi\u00f3:<\/strong> dret a obtenir la supressi\u00f3 de les dades personals.<\/li><li><strong>Dret d&#8217;oposici\u00f3:<\/strong> dret a oposar-se a un determinat tractament basat en el consentiment de l&#8217;interessat.<\/li><li><strong>Dret de limitaci\u00f3:<\/strong> dret a obtenir la limitaci\u00f3 del tractament de les dades.<\/li><li><strong>Dret a la portabilitat:<\/strong> dret a obtenir les dades en un format estructurat, d&#8217;\u00fas com\u00fa i de lectura mec\u00e0nica, i a transmetre&#8217;ls a un altre responsable del tractament conforme a la normativa de protecci\u00f3 de dades.<\/li><\/ul><p>Aix\u00ed mateix, l&#8217;interessat t\u00e9 dret a presentar una reclamaci\u00f3 davant l&#8217;autoritat de control competent.<\/p><p>Els interessats podran exercir els drets indicats, dirigint-se a <a href=\"mailto:info@coiclinicadental.es\">info@coiclinicadental.es<\/a> mitjan\u00e7ant escrit, rem\u00e8s a la seg\u00fcent adre\u00e7a: <strong>Carrer de Francesc Maci\u00e0 i Lluss\u00e0, 61, 08402 Granollers, Barcelona<\/strong>, indicant en la l\u00ednia d&#8217;Assumpte el dret que desitja exercir i adjuntant document acreditatiu de la identitat (p. ex. DNI).<\/p><p>En aquest sentit, COSTALDENT SLP atendr\u00e0 la seva sol\u00b7licitud al m\u00e9s aviat possible i tenint en compte els terminis previstos en la normativa en mat\u00e8ria de protecci\u00f3 de dades.<\/p><h2>Tutela de Drets<\/h2><p>En cas que entengui que els seus drets han estat desatesos per la nostra entitat, pot formular una reclamaci\u00f3 a l&#8217;Ag\u00e8ncia Espanyola de Protecci\u00f3 de Dades, a trav\u00e9s d&#8217;algun dels mitjans seg\u00fcents:<\/p><ul><li>Seu electr\u00f2nica: <a href=\"https:\/\/www.aepd.es\/\" target=\"_blank\" rel=\"noopener\">https:\/\/www.aepd.es<\/a><\/li><li>Correu postal: Ag\u00e8ncia Espanyola de Protecci\u00f3 de Dades, C\/ Jorge Juan, 6, 28001, Madrid<\/li><li>Tel\u00e8fon: 901.100.099 i 912.663.517<\/li><\/ul><p>Formular una reclamaci\u00f3 a l&#8217;Ag\u00e8ncia Espanyola de Protecci\u00f3 de Dades no comporta cap cost i no \u00e9s necess\u00e0ria l&#8217;assist\u00e8ncia d&#8217;advocat ni procurador.<\/p><h2>Actualitzacions<\/h2><p>COI CL\u00cdNICA DENTAL es reserva el dret a modificar la present pol\u00edtica per adaptar-la a novetats legislatives o jurisprudencials que puguin afectar el compliment de la mateixa.<\/p>\t\t\t\t\t\t\t\t<\/div>\n\t\t\t\t<\/div>\n\t\t\t\t\t<\/div>\n\t\t\t\t<\/div>\n\t\t\t\t<\/div>\n\t\t","protected":false},"excerpt":{"rendered":"<p>Pol\u00edtica de Privacidad Aquesta Pol\u00edtica de Privacitat ha estat desenvolupada tenint en compte el que disposa la Llei Org\u00e0nica de [&hellip;]<\/p>\n","protected":false},"author":1,"featured_media":14139,"parent":0,"menu_order":0,"comment_status":"closed","ping_status":"closed","template":"elementor_header_footer","meta":{"site-sidebar-layout":"no-sidebar","site-content-layout":"","ast-site-content-layout":"full-width-container","site-content-style":"default","site-sidebar-style":"default","ast-global-header-display":"","ast-banner-title-visibility":"","ast-main-header-display":"","ast-hfb-above-header-display":"","ast-hfb-below-header-display":"","ast-hfb-mobile-header-display":"","site-post-title":"disabled","ast-breadcrumbs-content":"","ast-featured-img":"disabled","footer-sml-layout":"","ast-disable-related-posts":"","theme-transparent-header-meta":"default","adv-header-id-meta":"","stick-header-meta":"","header-above-stick-meta":"","header-main-stick-meta":"","header-below-stick-meta":"","astra-migrate-meta-layouts":"set","ast-page-background-enabled":"default","ast-page-background-meta":{"desktop":{"background-color":"var(--ast-global-color-5)","background-image":"","background-repeat":"repeat","background-position":"center center","background-size":"auto","background-attachment":"scroll","background-type":"","background-media":"","overlay-type":"","overlay-color":"","overlay-opacity":"","overlay-gradient":""},"tablet":{"background-color":"","background-image":"","background-repeat":"repeat","background-position":"center center","background-size":"auto","background-attachment":"scroll","background-type":"","background-media":"","overlay-type":"","overlay-color":"","overlay-opacity":"","overlay-gradient":""},"mobile":{"background-color":"","background-image":"","background-repeat":"repeat","background-position":"center center","background-size":"auto","background-attachment":"scroll","background-type":"","background-media":"","overlay-type":"","overlay-color":"","overlay-opacity":"","overlay-gradient":""}},"ast-content-background-meta":{"desktop":{"background-color":"var(--ast-global-color-4)","background-image":"","background-repeat":"repeat","background-position":"center center","background-size":"auto","background-attachment":"scroll","background-type":"","background-media":"","overlay-type":"","overlay-color":"","overlay-opacity":"","overlay-gradient":""},"tablet":{"background-color":"var(--ast-global-color-4)","background-image":"","background-repeat":"repeat","background-position":"center center","background-size":"auto","background-attachment":"scroll","background-type":"","background-media":"","overlay-type":"","overlay-color":"","overlay-opacity":"","overlay-gradient":""},"mobile":{"background-color":"var(--ast-global-color-4)","background-image":"","background-repeat":"repeat","background-position":"center center","background-size":"auto","background-attachment":"scroll","background-type":"","background-media":"","overlay-type":"","overlay-color":"","overlay-opacity":"","overlay-gradient":""}},"_joinchat":[],"footnotes":""},"class_list":["post-13158","page","type-page","status-publish","has-post-thumbnail","hentry"],"_links":{"self":[{"href":"https:\/\/coiclinicadental.es\/ca\/wp-json\/wp\/v2\/pages\/13158","targetHints":{"allow":["GET"]}}],"collection":[{"href":"https:\/\/coiclinicadental.es\/ca\/wp-json\/wp\/v2\/pages"}],"about":[{"href":"https:\/\/coiclinicadental.es\/ca\/wp-json\/wp\/v2\/types\/page"}],"author":[{"embeddable":true,"href":"https:\/\/coiclinicadental.es\/ca\/wp-json\/wp\/v2\/users\/1"}],"replies":[{"embeddable":true,"href":"https:\/\/coiclinicadental.es\/ca\/wp-json\/wp\/v2\/comments?post=13158"}],"version-history":[{"count":0,"href":"https:\/\/coiclinicadental.es\/ca\/wp-json\/wp\/v2\/pages\/13158\/revisions"}],"wp:featuredmedia":[{"embeddable":true,"href":"https:\/\/coiclinicadental.es\/ca\/wp-json\/wp\/v2\/media\/14139"}],"wp:attachment":[{"href":"https:\/\/coiclinicadental.es\/ca\/wp-json\/wp\/v2\/media?parent=13158"}],"curies":[{"name":"wp","href":"https:\/\/api.w.org\/{rel}","templated":true}]}}